{"id":8370,"date":"2024-02-15T20:41:25","date_gmt":"2024-02-15T12:41:25","guid":{"rendered":"https:\/\/asia.wordcamp.org\/2024\/?page_id=8370"},"modified":"2024-03-13T22:48:42","modified_gmt":"2024-03-13T14:48:42","slug":"volunteers","status":"publish","type":"page","link":"https:\/\/asia.wordcamp.org\/2024\/volunteers\/","title":{"rendered":"Volunteers"},"content":{"rendered":"\n<h2 class=\"wp-block-heading\">Volunteers at WordCamp Asia 2024<\/h2>\n\n\n\n<p class=\"has-contrast-color has-text-color has-link-color wp-elements-b1ccf191b2cfea4d4a001dad223f67a5 wp-block-paragraph\">Join us as a volunteer for WordCamp Asia 2024 and become a key part of bringing this vibrant community event to life! As the heart and soul of WordCamp, our volunteers play a crucial role in creating a welcoming and smooth experience for everyone involved. This year, as we gear up for our flagship event in the region, we&#8217;re looking for passionate individuals who want to make a difference and ensure the event&#8217;s success.<\/p>\n\n\n\n<p class=\"has-contrast-color has-text-color has-link-color wp-elements-7b8c3381fcc9179a6336eb688ef21a3b wp-block-paragraph\">We extend our heartfelt thanks to all our volunteers who are gearing up for WordCamp Asia 2024. Your dedication and efforts are what make this event possible. For more information on how you can contribute and to explore the various volunteer roles available, please check out our <a href=\"https:\/\/asia.wordcamp.org\/2024\/call-for-volunteers\/#list-of-volunteer-roles\">volunteer roles page<\/a>. We can&#8217;t wait to have you on board and make WordCamp Asia 2024 an unforgettable experience!<\/p>\n\n\n\n<h3 class=\"wp-block-heading\">Contributor Day Volunteers<\/h3>\n\n\n\n<div class=\"wp-block-columns is-layout-flex wp-container-core-columns-is-layout-930feb06 wp-block-columns-is-layout-flex\">\n<div class=\"wp-block-column is-layout-flow wp-block-column-is-layout-flow\">\n<h6 class=\"wp-block-heading\">Contributor Day HELP STAFF<\/h6>\n\n\n\n<ul class=\"has-contrast-color has-text-color has-link-color wp-block-list wp-elements-22e5b19878f256a6034bbba7dec6614f\">\n<li>Chetan Prajapati<\/li>\n\n\n\n<li>Geoffroy Guillain<\/li>\n\n\n\n<li>Hardik Sharma<\/li>\n\n\n\n<li>Jhimross Olinares<\/li>\n\n\n\n<li>Louis Gan<\/li>\n\n\n\n<li>NAZMUL HASAN<\/li>\n\n\n\n<li>Rong<\/li>\n\n\n\n<li>Victor K. Nip<\/li>\n\n\n\n<li>Zunaid Amin<\/li>\n<\/ul>\n<\/div>\n\n\n\n<div class=\"wp-block-column is-layout-flow wp-block-column-is-layout-flow\">\n<h6 class=\"wp-block-heading\">Contributor Day HUMAN LIBRARY STAFF<\/h6>\n\n\n\n<ul class=\"has-contrast-color has-text-color has-link-color wp-block-list wp-elements-70f0f717f72cf960b7ab7c1d82017a82\">\n<li>Andrew Garcia<\/li>\n\n\n\n<li>Chi-Hsuan Huang<\/li>\n\n\n\n<li>Derrick Wong<\/li>\n\n\n\n<li>Hardik Sharma<\/li>\n<\/ul>\n<\/div>\n<\/div>\n\n\n\n<h3 class=\"wp-block-heading\">Conference Day Volunteer<\/h3>\n\n\n\n<div class=\"wp-block-columns is-layout-flex wp-container-core-columns-is-layout-930feb06 wp-block-columns-is-layout-flex\">\n<div class=\"wp-block-column is-layout-flow wp-block-column-is-layout-flow\">\n<h6 class=\"wp-block-heading\" style=\"text-transform:none\">Registration Lead<\/h6>\n\n\n\n<ul class=\"has-contrast-color has-text-color has-link-color wp-block-list wp-elements-77a4cc053bdad3d83c20426bfd20ff93\">\n<li>Damien Oh<\/li>\n\n\n\n<li>Jabont Chamikorn<\/li>\n\n\n\n<li>Jevilyn Fajardo<\/li>\n<\/ul>\n\n\n\n<h6 class=\"wp-block-heading\">Registration Support<\/h6>\n\n\n\n<ul class=\"has-contrast-color has-text-color has-link-color wp-block-list wp-elements-63a3bc30be2925a6e4f0b4b09e0bd111\">\n<li>Adnan Mohaimenul Haque<\/li>\n\n\n\n<li>Asuka Taguchi<\/li>\n\n\n\n<li>Harcy Joy Dela Cruz<\/li>\n\n\n\n<li>Jade Cheng<\/li>\n\n\n\n<li>Ritchel P. Lauron<\/li>\n<\/ul>\n<\/div>\n\n\n\n<div class=\"wp-block-column is-layout-flow wp-block-column-is-layout-flow\">\n<h6 class=\"wp-block-heading\" style=\"text-transform:none\">Registration Check-In Staff<\/h6>\n\n\n\n<ul class=\"has-contrast-color has-text-color has-link-color wp-block-list wp-elements-b90251948770a9ff0143a3e1576ee899\">\n<li>Anne Rodulfa<\/li>\n\n\n\n<li>Danyl Marie Noelle Maranon<\/li>\n\n\n\n<li>Dika Fei<\/li>\n\n\n\n<li>Hajime Megane Ogushi<\/li>\n\n\n\n<li>Hiroki Saiki<\/li>\n\n\n\n<li>Jamie Fang<\/li>\n\n\n\n<li>Lokesh Budhrani<\/li>\n\n\n\n<li>Luna Chen<\/li>\n\n\n\n<li>Ritchel P. Lauron<\/li>\n\n\n\n<li>Thanawat Kemwatcharalert<\/li>\n\n\n\n<li>TOMOMI NAKATANI<\/li>\n\n\n\n<li>Vova Feldman<\/li>\n<\/ul>\n<\/div>\n\n\n\n<div class=\"wp-block-column is-layout-flow wp-block-column-is-layout-flow\">\n<h6 class=\"wp-block-heading\" style=\"text-transform:none\">Swag Table Staff<\/h6>\n\n\n\n<ul class=\"has-contrast-color has-text-color has-link-color wp-block-list wp-elements-ce9f8a8709db26717bb9f4a6df9c74ac\">\n<li>Angelle Marie Garcia<\/li>\n\n\n\n<li>Anne Rodulfa<\/li>\n\n\n\n<li>Harcy Joy Dela Cruz<\/li>\n\n\n\n<li>Hiroki Saiki<\/li>\n\n\n\n<li>Joseph Andrew dela Serna<\/li>\n\n\n\n<li>Maruti Prasad Mohanty<\/li>\n\n\n\n<li>Richard Morrison<\/li>\n<\/ul>\n<\/div>\n<\/div>\n\n\n\n<div class=\"wp-block-columns is-layout-flex wp-container-core-columns-is-layout-930feb06 wp-block-columns-is-layout-flex\">\n<div class=\"wp-block-column is-layout-flow wp-block-column-is-layout-flow\">\n<h6 class=\"wp-block-heading\">Hall Leader<\/h6>\n\n\n\n<ul class=\"has-contrast-color has-text-color has-link-color wp-block-list wp-elements-480d31123e0768a0b395066d88c6b26b\">\n<li>Alina Kakshapati<\/li>\n\n\n\n<li>Hardeep Asrani<\/li>\n\n\n\n<li>Milan Ivanovic<\/li>\n\n\n\n<li>MORITA Daiya<\/li>\n\n\n\n<li>Sanyog Shelar<\/li>\n\n\n\n<li>Pie Tandog<\/li>\n<\/ul>\n<\/div>\n\n\n\n<div class=\"wp-block-column is-layout-flow wp-block-column-is-layout-flow\">\n<h6 class=\"wp-block-heading\">Time Keeper<\/h6>\n\n\n\n<ul class=\"has-contrast-color has-text-color has-link-color wp-block-list wp-elements-7f98580c5a6aa1615e9431cf7ba13692\">\n<li>Malay Ladu<\/li>\n\n\n\n<li>Zack Liu<\/li>\n\n\n\n<li>Iria Padr\u00f3n Doallo<\/li>\n\n\n\n<li>Mardy SAM AN<\/li>\n\n\n\n<li>Kornmada Piriyakiatsakul<\/li>\n\n\n\n<li>Pantira Aswakiatkajorn<\/li>\n<\/ul>\n<\/div>\n\n\n\n<div class=\"wp-block-column is-layout-flow wp-block-column-is-layout-flow\">\n<h6 class=\"wp-block-heading\">Runner<\/h6>\n\n\n\n<ul class=\"has-contrast-color has-text-color has-link-color wp-block-list wp-elements-c97605310f70833b71f06ea411117a43\">\n<li>Nagesh Ramchandra Pai<\/li>\n\n\n\n<li>Brian Lumagod<\/li>\n\n\n\n<li>Rene Christopher Caralian<\/li>\n\n\n\n<li>David Wilson<\/li>\n\n\n\n<li>Dutdao Junaem (Jang)<\/li>\n\n\n\n<li>Natthaporn Kobkulkalyakorn (Baiplu)<\/li>\n\n\n\n<li>Thanawat Kemwatcharalert<\/li>\n<\/ul>\n<\/div>\n<\/div>\n\n\n\n<div class=\"wp-block-columns is-layout-flex wp-container-core-columns-is-layout-930feb06 wp-block-columns-is-layout-flex\">\n<div class=\"wp-block-column is-layout-flow wp-block-column-is-layout-flow\">\n<h6 class=\"wp-block-heading\">Social Media &amp; Comms Support<\/h6>\n\n\n\n<ul class=\"has-contrast-color has-text-color has-link-color wp-block-list wp-elements-9be73ddec56876a9d038fa52801ea834\">\n<li>John Rannel Valdez<\/li>\n\n\n\n<li>Wan Ting Huang<\/li>\n<\/ul>\n\n\n\n<h6 class=\"wp-block-heading\">Media Partners Support<\/h6>\n\n\n\n<ul class=\"has-contrast-color has-text-color has-link-color wp-block-list wp-elements-3cac70347000f02e1c102beef7bfbe4c\">\n<li>Diana Jayce Tupas<\/li>\n\n\n\n<li>Sean Lo<\/li>\n<\/ul>\n<\/div>\n\n\n\n<div class=\"wp-block-column is-layout-flow wp-block-column-is-layout-flow\">\n<h6 class=\"wp-block-heading\">Emcees<\/h6>\n\n\n\n<ul class=\"has-contrast-color has-text-color has-link-color wp-block-list wp-elements-36677d03cc02d70e431893d86dec668b\">\n<li>Amit Singh<\/li>\n\n\n\n<li>Amy Lin<\/li>\n\n\n\n<li>Fatema Ghadiali<\/li>\n\n\n\n<li>Kingsley Unuigbe<\/li>\n\n\n\n<li>Nirav Mehta<\/li>\n\n\n\n<li>Anand Upadhyay<\/li>\n\n\n\n<li>Ashutosh Gaur<\/li>\n\n\n\n<li>Jos\u00e9 Ram\u00f3n Padr\u00f3n<\/li>\n\n\n\n<li>Mike Schroder<\/li>\n\n\n\n<li>Pooja Derashri<\/li>\n\n\n\n<li>Raquel Manriquez<\/li>\n\n\n\n<li>Robert Jacobi<\/li>\n\n\n\n<li>Sam Suresh<\/li>\n\n\n\n<li>Taco Verdonschot<\/li>\n\n\n\n<li>Yogesh Londhe<\/li>\n\n\n\n<li>Tess Needham<\/li>\n<\/ul>\n<\/div>\n\n\n\n<div class=\"wp-block-column is-layout-flow wp-block-column-is-layout-flow\">\n<h6 class=\"wp-block-heading\">Sponsor Support Lead<\/h6>\n\n\n\n<ul class=\"has-contrast-color has-text-color has-link-color wp-block-list wp-elements-e06e7afebcc00745a2d4bca16c7640c5\">\n<li>Xaver Birsak<\/li>\n\n\n\n<li>VS-Julia<\/li>\n<\/ul>\n\n\n\n<h6 class=\"wp-block-heading\">Sponsor Support<\/h6>\n\n\n\n<ul class=\"has-contrast-color has-text-color has-link-color wp-block-list wp-elements-d58feeb99daed00203a822db70ca9536\">\n<li>Adnan Mohaimenul Haque<\/li>\n\n\n\n<li>Faisal Ahammad<\/li>\n\n\n\n<li>Varun Dubey<\/li>\n\n\n\n<li>Andika Purnawijaya<\/li>\n\n\n\n<li>Yves Tan Wei Zhi<\/li>\n\n\n\n<li>Yvonne Palanca<\/li>\n\n\n\n<li>Ashley Lam<\/li>\n\n\n\n<li>Edward Oo<\/li>\n<\/ul>\n<\/div>\n<\/div>\n\n\n\n<div class=\"wp-block-columns is-layout-flex wp-container-core-columns-is-layout-930feb06 wp-block-columns-is-layout-flex\">\n<div class=\"wp-block-column is-layout-flow wp-block-column-is-layout-flow\">\n<h6 class=\"wp-block-heading\">Family Room Staff<\/h6>\n\n\n\n<ul class=\"has-contrast-color has-text-color has-link-color wp-block-list wp-elements-ecdd04ee56c3119639a3f9b6e9bc0e92\">\n<li>VS-Julia<\/li>\n\n\n\n<li>Rong<\/li>\n\n\n\n<li>Chi Yu Lee (Nason)<\/li>\n<\/ul>\n<\/div>\n\n\n\n<div class=\"wp-block-column is-layout-flow wp-block-column-is-layout-flow\">\n<h6 class=\"wp-block-heading\">Information, Lost &amp; Found Desk<\/h6>\n\n\n\n<ul class=\"has-contrast-color has-text-color has-link-color wp-block-list wp-elements-fa2d7bc114a7ff578cc36bbcaa0f9dbb\">\n<li>Ian Yu-Hsun Lin<\/li>\n<\/ul>\n<\/div>\n\n\n\n<div class=\"wp-block-column is-layout-flow wp-block-column-is-layout-flow\">\n<h6 class=\"wp-block-heading\">Attendee support, afterPARty shuttle<\/h6>\n\n\n\n<ul class=\"has-contrast-color has-text-color has-link-color wp-block-list wp-elements-f72f94f63e7b4dc51cbf9750dd64fa98\">\n<li>Chi Yu Lee (Nason)<\/li>\n<\/ul>\n<\/div>\n<\/div>\n\n\n\n<h3 class=\"wp-block-heading\">Emcees<\/h3>\n\n\n\n<div class=\"wp-block-columns is-layout-flex wp-container-core-columns-is-layout-930feb06 wp-block-columns-is-layout-flex\">\n<div class=\"wp-block-column is-layout-flow wp-block-column-is-layout-flow\">\n<ul class=\"has-contrast-color has-text-color has-link-color wp-block-list wp-elements-b3494edc1b4383b745b397bd49c62e5b\">\n<li>Amit Singh<\/li>\n\n\n\n<li>Amy Lin<\/li>\n\n\n\n<li>Fatema Ghadiali<\/li>\n\n\n\n<li>Kingsley Unuigbe<\/li>\n\n\n\n<li>Nirav Mehta<\/li>\n\n\n\n<li>Anand Upadhyay<\/li>\n\n\n\n<li>Ashutosh Gaur<\/li>\n\n\n\n<li>Jos\u00e9 Ram\u00f3n Padr\u00f3n<\/li>\n<\/ul>\n<\/div>\n\n\n\n<div class=\"wp-block-column is-layout-flow wp-block-column-is-layout-flow\">\n<ul class=\"has-contrast-color has-text-color has-link-color wp-block-list wp-elements-0424bd14a2b76db3f8fb21c5c2a2202e\">\n<li>Mike Schroder<\/li>\n\n\n\n<li>Pooja Derashri<\/li>\n\n\n\n<li>Raquel Manriquez<\/li>\n\n\n\n<li>Robert Jacobi<\/li>\n\n\n\n<li>Sam Suresh<\/li>\n\n\n\n<li>Taco Verdonschot<\/li>\n\n\n\n<li>Yogesh Londhe<\/li>\n\n\n\n<li>Tess Needham<\/li>\n<\/ul>\n<\/div>\n<\/div>\n\n\n\n<h3 class=\"wp-block-heading\">A\/V Crew<\/h3>\n\n\n\n<div class=\"wp-block-columns is-layout-flex wp-container-core-columns-is-layout-930feb06 wp-block-columns-is-layout-flex\">\n<div class=\"wp-block-column is-layout-flow wp-block-column-is-layout-flow\">\n<ul class=\"has-contrast-color has-text-color has-link-color wp-block-list wp-elements-b5e48a9f5c0132ae2fc519d200ba992c\">\n<li>Leonardus Nugraha<\/li>\n\n\n\n<li>Kazuto Takeshita<\/li>\n\n\n\n<li>Atsushi Ando<\/li>\n\n\n\n<li>Chiharu Nagatomi<\/li>\n\n\n\n<li>Kyohsuke shima<\/li>\n\n\n\n<li>TORIYAMA Yuko<\/li>\n\n\n\n<li>Suzaidee Mohd Shom<\/li>\n\n\n\n<li>Abdul Muqsit<\/li>\n<\/ul>\n<\/div>\n\n\n\n<div class=\"wp-block-column is-layout-flow wp-block-column-is-layout-flow\">\n<ul class=\"has-contrast-color has-text-color has-link-color wp-block-list wp-elements-9c29727e3c234d5d28f18540511ad234\">\n<li>John Carlo Pattaguan<\/li>\n\n\n\n<li>Wang Chi Ho<\/li>\n\n\n\n<li>Emma Young<\/li>\n\n\n\n<li>Ryonosuke Kaneko<\/li>\n\n\n\n<li>Chun yen liu<\/li>\n\n\n\n<li>Yashuhiro Obuchi<\/li>\n\n\n\n<li>Chris Clarke<\/li>\n\n\n\n<li>Midna Chuang<\/li>\n<\/ul>\n<\/div>\n<\/div>\n","protected":false},"excerpt":{"rendered":"<p>Volunteers at WordCamp Asia 2024 Join us as a volunteer for WordCamp Asia 2024 and become a key part of bringing this vibrant community event to life! As the heart and soul of WordCamp, our volunteers play a crucial role in creating a welcoming and smooth experience for everyone involved. This year, as we gear [&hellip;]<\/p>\n","protected":false},"author":16244104,"featured_media":9167,"parent":0,"menu_order":0,"comment_status":"closed","ping_status":"closed","template":"wp-custom-template-has-background-page","meta":{"_crdt_document":"","advanced_seo_description":"","jetpack_seo_html_title":"","jetpack_seo_noindex":false,"jetpack_post_was_ever_published":false,"footnotes":""},"class_list":["post-8370","page","type-page","status-publish","has-post-thumbnail","hentry"],"jetpack_sharing_enabled":true,"jetpack_likes_enabled":true,"_links":{"self":[{"href":"https:\/\/asia.wordcamp.org\/2024\/wp-json\/wp\/v2\/pages\/8370","targetHints":{"allow":["GET"]}}],"collection":[{"href":"https:\/\/asia.wordcamp.org\/2024\/wp-json\/wp\/v2\/pages"}],"about":[{"href":"https:\/\/asia.wordcamp.org\/2024\/wp-json\/wp\/v2\/types\/page"}],"author":[{"embeddable":true,"href":"https:\/\/asia.wordcamp.org\/2024\/wp-json\/wp\/v2\/users\/16244104"}],"replies":[{"embeddable":true,"href":"https:\/\/asia.wordcamp.org\/2024\/wp-json\/wp\/v2\/comments?post=8370"}],"version-history":[{"count":27,"href":"https:\/\/asia.wordcamp.org\/2024\/wp-json\/wp\/v2\/pages\/8370\/revisions"}],"predecessor-version":[{"id":11042,"href":"https:\/\/asia.wordcamp.org\/2024\/wp-json\/wp\/v2\/pages\/8370\/revisions\/11042"}],"wp:featuredmedia":[{"embeddable":true,"href":"https:\/\/asia.wordcamp.org\/2024\/wp-json\/wp\/v2\/media\/9167"}],"wp:attachment":[{"href":"https:\/\/asia.wordcamp.org\/2024\/wp-json\/wp\/v2\/media?parent=8370"}],"curies":[{"name":"wp","href":"https:\/\/api.w.org\/{rel}","templated":true}]}}